{"id":2321,"date":"2022-07-15T12:56:38","date_gmt":"2022-07-15T12:56:38","guid":{"rendered":"https:\/\/happytimeturismo.com\/?page_id=2321"},"modified":"2022-07-21T13:05:26","modified_gmt":"2022-07-21T13:05:26","slug":"termos-e-condicoes","status":"publish","type":"page","link":"https:\/\/happytimeturismo.com\/en\/termos-e-condicoes\/","title":{"rendered":"Termos e Condi\u00e7\u00f5es"},"content":{"rendered":"\t\t<div data-elementor-type=\"wp-page\" data-elementor-id=\"2321\" class=\"elementor elementor-2321\">\n\t\t\t\t\t\t\t\t\t<section class=\"elementor-section elementor-top-section elementor-element elementor-element-83746e8 elementor-section-height-min-height elementor-section-boxed elementor-section-height-default elementor-section-items-middle\" data-id=\"83746e8\" data-element_type=\"section\" data-settings=\"{&quot;background_background&quot;:&quot;classic&quot;}\">\n\t\t\t\t\t\t\t<div class=\"elementor-background-overlay\"><\/div>\n\t\t\t\t\t\t\t<div class=\"elementor-container elementor-column-gap-default\">\n\t\t\t\t\t<div class=\"elementor-column elementor-col-100 elementor-top-column elementor-element elementor-element-09faee3\" data-id=\"09faee3\" data-element_type=\"column\">\n\t\t\t<div class=\"elementor-widget-wrap elementor-element-populated\">\n\t\t\t\t\t\t\t\t<div class=\"elementor-element elementor-element-c7152a9 elementor-widget elementor-widget-heading\" data-id=\"c7152a9\" data-element_type=\"widget\" data-widget_type=\"heading.default\">\n\t\t\t\t<div class=\"elementor-widget-container\">\n\t\t\t<style>\/*! elementor - v3.14.0 - 26-06-2023 *\/\n.elementor-heading-title{padding:0;margin:0;line-height:1}.elementor-widget-heading .elementor-heading-title[class*=elementor-size-]>a{color:inherit;font-size:inherit;line-height:inherit}.elementor-widget-heading .elementor-heading-title.elementor-size-small{font-size:15px}.elementor-widget-heading .elementor-heading-title.elementor-size-medium{font-size:19px}.elementor-widget-heading .elementor-heading-title.elementor-size-large{font-size:29px}.elementor-widget-heading .elementor-heading-title.elementor-size-xl{font-size:39px}.elementor-widget-heading .elementor-heading-title.elementor-size-xxl{font-size:59px}<\/style><h1 class=\"elementor-heading-title elementor-size-default\">Termos e Condi\u00e7\u00f5es<\/h1>\t\t<\/div>\n\t\t\t\t<\/div>\n\t\t\t\t\t<\/div>\n\t\t<\/div>\n\t\t\t\t\t\t\t<\/div>\n\t\t<\/section>\n\t\t\t\t<section class=\"elementor-section elementor-top-section elementor-element elementor-element-874ec99 elementor-section-boxed elementor-section-height-default elementor-section-height-default\" data-id=\"874ec99\" data-element_type=\"section\">\n\t\t\t\t\t\t\t<div class=\"elementor-background-overlay\"><\/div>\n\t\t\t\t\t\t\t<div class=\"elementor-container elementor-column-gap-default\">\n\t\t\t\t\t<div class=\"elementor-column elementor-col-100 elementor-top-column elementor-element elementor-element-4a4fc41\" data-id=\"4a4fc41\" data-element_type=\"column\">\n\t\t\t<div class=\"elementor-widget-wrap elementor-element-populated\">\n\t\t\t\t\t\t\t\t<div class=\"elementor-element elementor-element-8f84a28 elementor-widget elementor-widget-text-editor\" data-id=\"8f84a28\" data-element_type=\"widget\" data-widget_type=\"text-editor.default\">\n\t\t\t\t<div class=\"elementor-widget-container\">\n\t\t\t<style>\/*! elementor - v3.14.0 - 26-06-2023 *\/\n.elementor-widget-text-editor.elementor-drop-cap-view-stacked .elementor-drop-cap{background-color:#69727d;color:#fff}.elementor-widget-text-editor.elementor-drop-cap-view-framed .elementor-drop-cap{color:#69727d;border:3px solid;background-color:transparent}.elementor-widget-text-editor:not(.elementor-drop-cap-view-default) .elementor-drop-cap{margin-top:8px}.elementor-widget-text-editor:not(.elementor-drop-cap-view-default) .elementor-drop-cap-letter{width:1em;height:1em}.elementor-widget-text-editor .elementor-drop-cap{float:left;text-align:center;line-height:1;font-size:50px}.elementor-widget-text-editor .elementor-drop-cap-letter{display:inline-block}<\/style>\t\t\t\t<p><strong><span style=\"color: #99cc00;\">10% Desconto<\/span> <\/strong>&#8211;\u00a0 Cup\u00e3o Promocional (<span style=\"color: #ff9900;\"><strong>Happy22<\/strong><\/span>) na <span style=\"color: #99cc00;\"><strong><span style=\"color: #99cc00;\"><a style=\"color: #99cc00;\" href=\"https:\/\/happytimeturismo.com\/passeios-de-barco\/\"><span style=\"text-decoration: underline;\">Reserva Online<\/span><\/a><\/span>!<\/strong><\/span><\/p>\t\t\t\t\t\t<\/div>\n\t\t\t\t<\/div>\n\t\t\t\t\t<\/div>\n\t\t<\/div>\n\t\t\t\t\t\t\t<\/div>\n\t\t<\/section>\n\t\t\t\t<section class=\"elementor-section elementor-top-section elementor-element elementor-element-0606dde elementor-section-boxed elementor-section-height-default elementor-section-height-default\" data-id=\"0606dde\" data-element_type=\"section\">\n\t\t\t\t\t\t<div class=\"elementor-container elementor-column-gap-default\">\n\t\t\t\t\t<div class=\"elementor-column elementor-col-100 elementor-top-column elementor-element elementor-element-a89c465\" data-id=\"a89c465\" data-element_type=\"column\">\n\t\t\t<div class=\"elementor-widget-wrap elementor-element-populated\">\n\t\t\t\t\t\t\t\t<div class=\"elementor-element elementor-element-7ae12c7 elementor-widget elementor-widget-spacer\" data-id=\"7ae12c7\" data-element_type=\"widget\" data-widget_type=\"spacer.default\">\n\t\t\t\t<div class=\"elementor-widget-container\">\n\t\t\t<style>\/*! elementor - v3.14.0 - 26-06-2023 *\/\n.elementor-column .elementor-spacer-inner{height:var(--spacer-size)}.e-con{--container-widget-width:100%}.e-con-inner>.elementor-widget-spacer,.e-con>.elementor-widget-spacer{width:var(--container-widget-width,var(--spacer-size));--align-self:var(--container-widget-align-self,initial);--flex-shrink:0}.e-con-inner>.elementor-widget-spacer>.elementor-widget-container,.e-con-inner>.elementor-widget-spacer>.elementor-widget-container>.elementor-spacer,.e-con>.elementor-widget-spacer>.elementor-widget-container,.e-con>.elementor-widget-spacer>.elementor-widget-container>.elementor-spacer{height:100%}.e-con-inner>.elementor-widget-spacer>.elementor-widget-container>.elementor-spacer>.elementor-spacer-inner,.e-con>.elementor-widget-spacer>.elementor-widget-container>.elementor-spacer>.elementor-spacer-inner{height:var(--container-widget-height,var(--spacer-size))}<\/style>\t\t<div class=\"elementor-spacer\">\n\t\t\t<div class=\"elementor-spacer-inner\"><\/div>\n\t\t<\/div>\n\t\t\t\t<\/div>\n\t\t\t\t<\/div>\n\t\t\t\t\t<\/div>\n\t\t<\/div>\n\t\t\t\t\t\t\t<\/div>\n\t\t<\/section>\n\t\t\t\t<section class=\"elementor-section elementor-top-section elementor-element elementor-element-05b3ade elementor-section-boxed elementor-section-height-default elementor-section-height-default\" data-id=\"05b3ade\" data-element_type=\"section\">\n\t\t\t\t\t\t<div class=\"elementor-container elementor-column-gap-default\">\n\t\t\t\t\t<div class=\"elementor-column elementor-col-50 elementor-top-column elementor-element elementor-element-b204a18\" data-id=\"b204a18\" data-element_type=\"column\">\n\t\t\t<div class=\"elementor-widget-wrap elementor-element-populated\">\n\t\t\t\t\t\t\t\t<div class=\"elementor-element elementor-element-ac0a9ce elementor-widget elementor-widget-heading\" data-id=\"ac0a9ce\" data-element_type=\"widget\" data-widget_type=\"heading.default\">\n\t\t\t\t<div class=\"elementor-widget-container\">\n\t\t\t<h2 class=\"elementor-heading-title elementor-size-default\">Pol\u00edtica de Privacidade<\/h2>\t\t<\/div>\n\t\t\t\t<\/div>\n\t\t\t\t\t<\/div>\n\t\t<\/div>\n\t\t\t\t<div class=\"elementor-column elementor-col-50 elementor-top-column elementor-element elementor-element-1830d75\" data-id=\"1830d75\" data-element_type=\"column\">\n\t\t\t<div class=\"elementor-widget-wrap\">\n\t\t\t\t\t\t\t\t\t<\/div>\n\t\t<\/div>\n\t\t\t\t\t\t\t<\/div>\n\t\t<\/section>\n\t\t\t\t<section class=\"elementor-section elementor-top-section elementor-element elementor-element-b7937d4 elementor-section-boxed elementor-section-height-default elementor-section-height-default\" data-id=\"b7937d4\" data-element_type=\"section\">\n\t\t\t\t\t\t<div class=\"elementor-container elementor-column-gap-default\">\n\t\t\t\t\t<div class=\"elementor-column elementor-col-100 elementor-top-column elementor-element elementor-element-9c1ef54\" data-id=\"9c1ef54\" data-element_type=\"column\">\n\t\t\t<div class=\"elementor-widget-wrap elementor-element-populated\">\n\t\t\t\t\t\t\t\t<div class=\"elementor-element elementor-element-3447d7f elementor-widget elementor-widget-text-editor\" data-id=\"3447d7f\" data-element_type=\"widget\" data-widget_type=\"text-editor.default\">\n\t\t\t\t<div class=\"elementor-widget-container\">\n\t\t\t\t\t\t\t<p>A sua privacidade \u00e9 importante para n\u00f3s. \u00c9 pol\u00edtica da<strong> Happy Time Turismo<\/strong>, respeitar a sua privacidade relativamente a qualquer informa\u00e7\u00e3o que possamos recolher de si atrav\u00e9s do nosso website, Algarve Fun Sports, e de outros sites que possu\u00edmos e operamos.<\/p>\n<p><b>S\u00f3 pedimos informa\u00e7\u00f5es pessoais quando realmente precisamos delas para lhe prestarmos um servi\u00e7o<\/b>. <b>Recolhemo-la por meios justos e l\u00edcitos, com o seu conhecimento e consentimento.<\/b> Tamb\u00e9m lhe comunicamos porque \u00e9 que as estamos a recolher e como ser\u00e3o utilizadas.<\/p>\n<p><b>Apenas retemos as informa\u00e7\u00f5es recolhidas durante o tempo necess\u00e1rio para lhe prestarmos o servi\u00e7o solicitado<\/b>. Que dados armazenamos, protegeremos dentro de meios comercialmente aceit\u00e1veis para evitar perda e roubo, bem como acesso n\u00e3o autorizado, divulga\u00e7\u00e3o, c\u00f3pia, utiliza\u00e7\u00e3o ou modifica\u00e7\u00e3o.<\/p>\n<p><b>N\u00e3o partilhamos qualquer informa\u00e7\u00e3o de identifica\u00e7\u00e3o pessoal publicamente ou com terceiros, excepto quando exigido por lei<\/b>.<\/p>\n<p>O nosso website pode estabelecer liga\u00e7\u00f5es a sites externos que n\u00e3o s\u00e3o operados por n\u00f3s. Por favor, esteja ciente de que n\u00e3o temos qualquer controlo sobre o conte\u00fado e pr\u00e1ticas destes s\u00edtios, e n\u00e3o podemos aceitar responsabilidade ou responsabiliza\u00e7\u00e3o pelas respectivas pol\u00edticas de privacidade.<\/p>\n<p>O utilizador \u00e9 livre de recusar o nosso pedido de informa\u00e7\u00f5es pessoais, entendendo que poderemos n\u00e3o ser capazes de lhe fornecer alguns dos seus servi\u00e7os desejados.<\/p>\n<p>A sua utiliza\u00e7\u00e3o continuada do nosso website ser\u00e1 considerada como aceita\u00e7\u00e3o das nossas pr\u00e1ticas em mat\u00e9ria de privacidade e informa\u00e7\u00f5es pessoais. Se tiver quaisquer perguntas sobre a forma como tratamos os dados do utilizador e as informa\u00e7\u00f5es pessoais, n\u00e3o hesite em contactar-nos.<\/p>\n<p><\/p>\t\t\t\t\t\t<\/div>\n\t\t\t\t<\/div>\n\t\t\t\t\t<\/div>\n\t\t<\/div>\n\t\t\t\t\t\t\t<\/div>\n\t\t<\/section>\n\t\t\t\t<section class=\"elementor-section elementor-top-section elementor-element elementor-element-0faa13c elementor-section-boxed elementor-section-height-default elementor-section-height-default\" data-id=\"0faa13c\" data-element_type=\"section\">\n\t\t\t\t\t\t<div class=\"elementor-container elementor-column-gap-default\">\n\t\t\t\t\t<div class=\"elementor-column elementor-col-100 elementor-top-column elementor-element elementor-element-e913702\" data-id=\"e913702\" data-element_type=\"column\">\n\t\t\t<div class=\"elementor-widget-wrap elementor-element-populated\">\n\t\t\t\t\t\t\t\t<div class=\"elementor-element elementor-element-09cc61c elementor-widget elementor-widget-spacer\" data-id=\"09cc61c\" data-element_type=\"widget\" data-widget_type=\"spacer.default\">\n\t\t\t\t<div class=\"elementor-widget-container\">\n\t\t\t\t\t<div class=\"elementor-spacer\">\n\t\t\t<div class=\"elementor-spacer-inner\"><\/div>\n\t\t<\/div>\n\t\t\t\t<\/div>\n\t\t\t\t<\/div>\n\t\t\t\t\t<\/div>\n\t\t<\/div>\n\t\t\t\t\t\t\t<\/div>\n\t\t<\/section>\n\t\t\t\t<section class=\"elementor-section elementor-top-section elementor-element elementor-element-275790d elementor-section-boxed elementor-section-height-default elementor-section-height-default\" data-id=\"275790d\" data-element_type=\"section\">\n\t\t\t\t\t\t<div class=\"elementor-container elementor-column-gap-default\">\n\t\t\t\t\t<div class=\"elementor-column elementor-col-50 elementor-top-column elementor-element elementor-element-5c7a9c0\" data-id=\"5c7a9c0\" data-element_type=\"column\">\n\t\t\t<div class=\"elementor-widget-wrap elementor-element-populated\">\n\t\t\t\t\t\t\t\t<div class=\"elementor-element elementor-element-1f05b4c elementor-widget elementor-widget-heading\" data-id=\"1f05b4c\" data-element_type=\"widget\" data-widget_type=\"heading.default\">\n\t\t\t\t<div class=\"elementor-widget-container\">\n\t\t\t<h2 class=\"elementor-heading-title elementor-size-default\">Pol\u00edtica de Cookies<\/h2>\t\t<\/div>\n\t\t\t\t<\/div>\n\t\t\t\t\t<\/div>\n\t\t<\/div>\n\t\t\t\t<div class=\"elementor-column elementor-col-50 elementor-top-column elementor-element elementor-element-f575b56\" data-id=\"f575b56\" data-element_type=\"column\">\n\t\t\t<div class=\"elementor-widget-wrap\">\n\t\t\t\t\t\t\t\t\t<\/div>\n\t\t<\/div>\n\t\t\t\t\t\t\t<\/div>\n\t\t<\/section>\n\t\t\t\t<section class=\"elementor-section elementor-top-section elementor-element elementor-element-c543921 elementor-section-boxed elementor-section-height-default elementor-section-height-default\" data-id=\"c543921\" data-element_type=\"section\">\n\t\t\t\t\t\t<div class=\"elementor-container elementor-column-gap-default\">\n\t\t\t\t\t<div class=\"elementor-column elementor-col-100 elementor-top-column elementor-element elementor-element-8e43951\" data-id=\"8e43951\" data-element_type=\"column\">\n\t\t\t<div class=\"elementor-widget-wrap elementor-element-populated\">\n\t\t\t\t\t\t\t\t<div class=\"elementor-element elementor-element-97d969b elementor-widget elementor-widget-text-editor\" data-id=\"97d969b\" data-element_type=\"widget\" data-widget_type=\"text-editor.default\">\n\t\t\t\t<div class=\"elementor-widget-container\">\n\t\t\t\t\t\t\t<p><strong>O que s\u00e3o Cookies<\/strong><\/p><p>Como \u00e9 pr\u00e1tica comum em quase todos os sites profissionais, este site utiliza cookies, que s\u00e3o pequenos ficheiros que s\u00e3o descarregados para o seu computador, para melhorar a sua experi\u00eancia. Esta p\u00e1gina descreve a informa\u00e7\u00e3o que recolhem, como a utilizamos e porque precisamos por vezes de armazenar estes cookies. Tamb\u00e9m partilharemos como pode evitar que estes cookies sejam armazenados, no entanto, isto pode diminuir ou &#8216;quebrar&#8217; certos elementos da funcionalidade dos s\u00edtios.<\/p><p><strong>Como utilizamos os cookies<\/strong><\/p><p>Utilizamos cookies por uma variedade de raz\u00f5es detalhadas abaixo. Infelizmente, na maioria dos casos n\u00e3o existem op\u00e7\u00f5es padr\u00e3o da ind\u00fastria para desactivar os cookies sem desactivar completamente a funcionalidade e caracter\u00edsticas que eles acrescentam a este site. Recomenda-se que deixe em todos os cookies se n\u00e3o tiver a certeza se precisa ou n\u00e3o deles no caso de serem utilizados para fornecer um servi\u00e7o que utiliza.<\/p><p><strong>Mais informa\u00e7\u00f5es<\/strong><\/p><p>Espero que isso tenha esclarecido as coisas para si e, como foi mencionado anteriormente, se h\u00e1 algo de que n\u00e3o tem a certeza se precisa ou n\u00e3o \u00e9 normalmente mais seguro deixar os cookies activados no caso de interagir com uma das caracter\u00edsticas que utiliza no nosso site.<\/p><p>\u00a0<\/p>\t\t\t\t\t\t<\/div>\n\t\t\t\t<\/div>\n\t\t\t\t\t<\/div>\n\t\t<\/div>\n\t\t\t\t\t\t\t<\/div>\n\t\t<\/section>\n\t\t\t\t\t\t\t<\/div>\n\t\t","protected":false},"excerpt":{"rendered":"<p>Termos e Condi\u00e7\u00f5es 10% Desconto &#8211;&nbsp; Cup\u00e3o Promocional (Happy22) na Reserva Online! Pol\u00edtica de Privacidade A sua privacidade \u00e9 importante para n\u00f3s. \u00c9 pol\u00edtica da Happy Time Turismo, respeitar a sua privacidade relativamente a qualquer informa\u00e7\u00e3o que possamos recolher de si atrav\u00e9s do nosso website, Algarve Fun Sports, e de outros sites que possu\u00edmos e &hellip;<\/p>\n<p class=\"read-more\"> <a class=\"\" href=\"https:\/\/happytimeturismo.com\/en\/termos-e-condicoes\/\"> <span class=\"screen-reader-text\">Termos e Condi\u00e7\u00f5es<\/span> Read More &raquo;<\/a><\/p>\n","protected":false},"author":3,"featured_media":0,"parent":0,"menu_order":0,"comment_status":"closed","ping_status":"closed","template":"","meta":{"_monsterinsights_skip_tracking":false,"_monsterinsights_sitenote_active":false,"_monsterinsights_sitenote_note":"","_monsterinsights_sitenote_category":0,"site-sidebar-layout":"no-sidebar","site-content-layout":"page-builder","ast-global-header-display":"","ast-main-header-display":"","ast-hfb-above-header-display":"","ast-hfb-below-header-display":"","ast-hfb-mobile-header-display":"","site-post-title":"disabled","ast-breadcrumbs-content":"","ast-featured-img":"disabled","footer-sml-layout":"","theme-transparent-header-meta":"enabled","adv-header-id-meta":"","stick-header-meta":"","header-above-stick-meta":"","header-main-stick-meta":"","header-below-stick-meta":""},"yoast_head":"<!-- This site is optimized with the Yoast SEO Premium plugin v20.1 (Yoast SEO v20.1) - https:\/\/yoast.com\/wordpress\/plugins\/seo\/ -->\n<title>Termos e Condi\u00e7\u00f5es - HappyTime Turismo<\/title>\n<meta name=\"description\" content=\"Conhe\u00e7a os nossos Termos e Condi\u00e7\u00f5es, relativamente ao nossos servi\u00e7os e \u00e0 pol\u00edtica de cookies utilizada no site.\" \/>\n<meta name=\"robots\" content=\"index, follow, max-snippet:-1, max-image-preview:large, max-video-preview:-1\" \/>\n<link rel=\"canonical\" href=\"https:\/\/happytimeturismo.com\/termos-e-condicoes\/\" \/>\n<meta property=\"og:locale\" content=\"en_US\" \/>\n<meta property=\"og:type\" content=\"article\" \/>\n<meta property=\"og:title\" content=\"Termos e Condi\u00e7\u00f5es\" \/>\n<meta property=\"og:description\" content=\"Conhe\u00e7a os nossos Termos e Condi\u00e7\u00f5es, relativamente ao nossos servi\u00e7os e \u00e0 pol\u00edtica de cookies utilizada no site.\" \/>\n<meta property=\"og:url\" content=\"https:\/\/happytimeturismo.com\/termos-e-condicoes\/\" \/>\n<meta property=\"og:site_name\" content=\"HappyTime Turismo\" \/>\n<meta property=\"article:modified_time\" content=\"2022-07-21T13:05:26+00:00\" \/>\n<meta name=\"twitter:card\" content=\"summary_large_image\" \/>\n<meta name=\"twitter:label1\" content=\"Est. reading time\" \/>\n\t<meta name=\"twitter:data1\" content=\"3 minutes\" \/>\n<script type=\"application\/ld+json\" class=\"yoast-schema-graph\">{\"@context\":\"https:\/\/schema.org\",\"@graph\":[{\"@type\":\"WebPage\",\"@id\":\"https:\/\/happytimeturismo.com\/termos-e-condicoes\/\",\"url\":\"https:\/\/happytimeturismo.com\/termos-e-condicoes\/\",\"name\":\"Termos e Condi\u00e7\u00f5es - HappyTime Turismo\",\"isPartOf\":{\"@id\":\"https:\/\/happytimeturismo.com\/#website\"},\"datePublished\":\"2022-07-15T12:56:38+00:00\",\"dateModified\":\"2022-07-21T13:05:26+00:00\",\"description\":\"Conhe\u00e7a os nossos Termos e Condi\u00e7\u00f5es, relativamente ao nossos servi\u00e7os e \u00e0 pol\u00edtica de cookies utilizada no site.\",\"breadcrumb\":{\"@id\":\"https:\/\/happytimeturismo.com\/termos-e-condicoes\/#breadcrumb\"},\"inLanguage\":\"en-US\",\"potentialAction\":[{\"@type\":\"ReadAction\",\"target\":[\"https:\/\/happytimeturismo.com\/termos-e-condicoes\/\"]}]},{\"@type\":\"BreadcrumbList\",\"@id\":\"https:\/\/happytimeturismo.com\/termos-e-condicoes\/#breadcrumb\",\"itemListElement\":[{\"@type\":\"ListItem\",\"position\":1,\"name\":\"In\u00edcio\",\"item\":\"https:\/\/happytimeturismo.com\/\"},{\"@type\":\"ListItem\",\"position\":2,\"name\":\"Termos e Condi\u00e7\u00f5es\"}]},{\"@type\":\"WebSite\",\"@id\":\"https:\/\/happytimeturismo.com\/#website\",\"url\":\"https:\/\/happytimeturismo.com\/\",\"name\":\"HappyTime Turismo\",\"description\":\"Boat Trips in Lagos - Algarve - Portugal\",\"publisher\":{\"@id\":\"https:\/\/happytimeturismo.com\/#organization\"},\"potentialAction\":[{\"@type\":\"SearchAction\",\"target\":{\"@type\":\"EntryPoint\",\"urlTemplate\":\"https:\/\/happytimeturismo.com\/?s={search_term_string}\"},\"query-input\":\"required name=search_term_string\"}],\"inLanguage\":\"en-US\"},{\"@type\":\"Organization\",\"@id\":\"https:\/\/happytimeturismo.com\/#organization\",\"name\":\"HappyTime Turismo\",\"url\":\"https:\/\/happytimeturismo.com\/\",\"logo\":{\"@type\":\"ImageObject\",\"inLanguage\":\"en-US\",\"@id\":\"https:\/\/happytimeturismo.com\/#\/schema\/logo\/image\/\",\"url\":\"https:\/\/happytimeturismo.com\/wp-content\/uploads\/2018\/06\/cropped-happy_time_logo-01.png\",\"contentUrl\":\"https:\/\/happytimeturismo.com\/wp-content\/uploads\/2018\/06\/cropped-happy_time_logo-01.png\",\"width\":298,\"height\":172,\"caption\":\"HappyTime Turismo\"},\"image\":{\"@id\":\"https:\/\/happytimeturismo.com\/#\/schema\/logo\/image\/\"}}]}<\/script>\n<!-- \/ Yoast SEO Premium plugin. -->","yoast_head_json":{"title":"Termos e Condi\u00e7\u00f5es - HappyTime Turismo","description":"Conhe\u00e7a os nossos Termos e Condi\u00e7\u00f5es, relativamente ao nossos servi\u00e7os e \u00e0 pol\u00edtica de cookies utilizada no site.","robots":{"index":"index","follow":"follow","max-snippet":"max-snippet:-1","max-image-preview":"max-image-preview:large","max-video-preview":"max-video-preview:-1"},"canonical":"https:\/\/happytimeturismo.com\/termos-e-condicoes\/","og_locale":"en_US","og_type":"article","og_title":"Termos e Condi\u00e7\u00f5es","og_description":"Conhe\u00e7a os nossos Termos e Condi\u00e7\u00f5es, relativamente ao nossos servi\u00e7os e \u00e0 pol\u00edtica de cookies utilizada no site.","og_url":"https:\/\/happytimeturismo.com\/termos-e-condicoes\/","og_site_name":"HappyTime Turismo","article_modified_time":"2022-07-21T13:05:26+00:00","twitter_card":"summary_large_image","twitter_misc":{"Est. reading time":"3 minutes"},"schema":{"@context":"https:\/\/schema.org","@graph":[{"@type":"WebPage","@id":"https:\/\/happytimeturismo.com\/termos-e-condicoes\/","url":"https:\/\/happytimeturismo.com\/termos-e-condicoes\/","name":"Termos e Condi\u00e7\u00f5es - HappyTime Turismo","isPartOf":{"@id":"https:\/\/happytimeturismo.com\/#website"},"datePublished":"2022-07-15T12:56:38+00:00","dateModified":"2022-07-21T13:05:26+00:00","description":"Conhe\u00e7a os nossos Termos e Condi\u00e7\u00f5es, relativamente ao nossos servi\u00e7os e \u00e0 pol\u00edtica de cookies utilizada no site.","breadcrumb":{"@id":"https:\/\/happytimeturismo.com\/termos-e-condicoes\/#breadcrumb"},"inLanguage":"en-US","potentialAction":[{"@type":"ReadAction","target":["https:\/\/happytimeturismo.com\/termos-e-condicoes\/"]}]},{"@type":"BreadcrumbList","@id":"https:\/\/happytimeturismo.com\/termos-e-condicoes\/#breadcrumb","itemListElement":[{"@type":"ListItem","position":1,"name":"In\u00edcio","item":"https:\/\/happytimeturismo.com\/"},{"@type":"ListItem","position":2,"name":"Termos e Condi\u00e7\u00f5es"}]},{"@type":"WebSite","@id":"https:\/\/happytimeturismo.com\/#website","url":"https:\/\/happytimeturismo.com\/","name":"HappyTime Turismo","description":"Boat Trips in Lagos - Algarve - Portugal","publisher":{"@id":"https:\/\/happytimeturismo.com\/#organization"},"potentialAction":[{"@type":"SearchAction","target":{"@type":"EntryPoint","urlTemplate":"https:\/\/happytimeturismo.com\/?s={search_term_string}"},"query-input":"required name=search_term_string"}],"inLanguage":"en-US"},{"@type":"Organization","@id":"https:\/\/happytimeturismo.com\/#organization","name":"HappyTime Turismo","url":"https:\/\/happytimeturismo.com\/","logo":{"@type":"ImageObject","inLanguage":"en-US","@id":"https:\/\/happytimeturismo.com\/#\/schema\/logo\/image\/","url":"https:\/\/happytimeturismo.com\/wp-content\/uploads\/2018\/06\/cropped-happy_time_logo-01.png","contentUrl":"https:\/\/happytimeturismo.com\/wp-content\/uploads\/2018\/06\/cropped-happy_time_logo-01.png","width":298,"height":172,"caption":"HappyTime Turismo"},"image":{"@id":"https:\/\/happytimeturismo.com\/#\/schema\/logo\/image\/"}}]}},"_links":{"self":[{"href":"https:\/\/happytimeturismo.com\/en\/wp-json\/wp\/v2\/pages\/2321"}],"collection":[{"href":"https:\/\/happytimeturismo.com\/en\/wp-json\/wp\/v2\/pages"}],"about":[{"href":"https:\/\/happytimeturismo.com\/en\/wp-json\/wp\/v2\/types\/page"}],"author":[{"embeddable":true,"href":"https:\/\/happytimeturismo.com\/en\/wp-json\/wp\/v2\/users\/3"}],"replies":[{"embeddable":true,"href":"https:\/\/happytimeturismo.com\/en\/wp-json\/wp\/v2\/comments?post=2321"}],"version-history":[{"count":11,"href":"https:\/\/happytimeturismo.com\/en\/wp-json\/wp\/v2\/pages\/2321\/revisions"}],"predecessor-version":[{"id":2361,"href":"https:\/\/happytimeturismo.com\/en\/wp-json\/wp\/v2\/pages\/2321\/revisions\/2361"}],"wp:attachment":[{"href":"https:\/\/happytimeturismo.com\/en\/wp-json\/wp\/v2\/media?parent=2321"}],"curies":[{"name":"wp","href":"https:\/\/api.w.org\/{rel}","templated":true}]}}